{"id":1021,"date":"2020-07-14T01:06:43","date_gmt":"2020-07-13T23:06:43","guid":{"rendered":"https:\/\/grupomilan.com\/diseno-de-packaging\/"},"modified":"2021-06-28T16:54:33","modified_gmt":"2021-06-28T14:54:33","slug":"conception-de-packaging","status":"publish","type":"page","link":"https:\/\/grupomilan.com\/fr\/conception-de-packaging\/","title":{"rendered":"Conception de packaging"},"content":{"rendered":"\n<div class=\"wp-block-columns is-layout-flex wp-container-core-columns-is-layout-28f84493 wp-block-columns-is-layout-flex\">\n<div class=\"wp-block-column is-layout-flow wp-block-column-is-layout-flow\" style=\"flex-basis:33.33%\">\n<div class=\"wp-block-group tiene-marcas-de-corte\"><div class=\"wp-block-group__inner-container is-layout-flow wp-block-group-is-layout-flow\">\n<h2 class=\"wp-block-heading\">Nous sommes le Groupe Milan Inagraf, sp\u00e9cialistes dans le packaging et l&rsquo;impression.<\/h2>\n\n\n\n<div style=\"height:54px\" aria-hidden=\"true\" class=\"wp-block-spacer\"><\/div>\n\n\n\n<p class=\"read-more\"><a href=\"https:\/\/grupomilan.com\/fr\/contact\/\">O\u00fa sommes-nous?<\/a><\/p>\n<\/div><\/div>\n\n\n\n<p><\/p>\n<\/div>\n\n\n\n<div class=\"wp-block-column is-layout-flow wp-block-column-is-layout-flow\" style=\"flex-basis:66.66%\">\n<div style=\"height:24px\" aria-hidden=\"true\" class=\"wp-block-spacer\"><\/div>\n\n\n\n<p class=\"has-medium-font-size\"><strong>Nous sommes une entreprise de Saragosse qui offre, depuis 1977, un service complet dans les arts graphiques et le packaging.<\/strong><\/p>\n\n\n\n<p>Nos plus de 35 ans dans le monde des arts graphiques et du packaging, ainsi que nos connaissances approfondies en mati\u00e8re de conception, d&rsquo;impression, de mat\u00e9riaux, de processus et de finitions, ont fait de nous l&rsquo;une des entreprises leader en Aragon dans notre secteur.<\/p>\n\n\n\n<div class=\"wp-block-columns is-layout-flex wp-container-core-columns-is-layout-28f84493 wp-block-columns-is-layout-flex\">\n<div class=\"wp-block-column is-layout-flow wp-block-column-is-layout-flow\">\n<h4 class=\"wp-block-heading\">Notre mission<\/h4>\n\n\n\n<p>Nous offrons un service integral et complet dans les arts graphiques et le packaging, car nous avons les d\u00e9partements n\u00e9cessaires pour le r\u00e9aliser.<\/p>\n<\/div>\n\n\n\n<div class=\"wp-block-column is-layout-flow wp-block-column-is-layout-flow\">\n<h4 class=\"wp-block-heading\">Notre vision<\/h4>\n\n\n\n<p>Nous avons les meilleurs professionnels du secteur dans chaque lieu de travail. Nous avons une grande \u00e9quipe exp\u00e9riment\u00e9e en recherche continue de la perfection de chaque projet ou travail qui nous mettons \u00e1 ex\u00e9cution.<\/p>\n<\/div>\n\n\n\n<div class=\"wp-block-column is-layout-flow wp-block-column-is-layout-flow\">\n<h4 class=\"wp-block-heading\">Nos valeurs<\/h4>\n\n\n\n<p>Nous sommes une entreprise engag\u00e9e et soucieuse de l&rsquo;environnement. Le recyclage et la bonne gestion des d\u00e9chets font partie de notre responsabilit\u00e9 et de notre travail quotidien.<\/p>\n<\/div>\n<\/div>\n<\/div>\n<\/div>\n\n\n\n<div class=\"wp-block-cover alignfull has-background-dim-40 has-primary-background-color has-background-dim has-parallax\" style=\"background-image:url(https:\/\/grupomilan.com\/wp-content\/uploads\/campaign-creators-gMsnXqILjp4-unsplash.jpg);min-height:340px;aspect-ratio:unset;\"><div class=\"wp-block-cover__inner-container is-layout-flow wp-block-cover-is-layout-flow\">\n<div style=\"height:113px\" aria-hidden=\"true\" class=\"wp-block-spacer\"><\/div>\n\n\n\n<p class=\"has-text-align-center has-large-font-size\">Une \u00e9quipe pour vous, pour votre entreprise<\/p>\n\n\n\n<div style=\"height:65px\" aria-hidden=\"true\" class=\"wp-block-spacer\"><\/div>\n\n\n\n<p><\/p>\n<\/div><\/div>\n\n\n\n<div class=\"wp-block-columns is-layout-flex wp-container-core-columns-is-layout-28f84493 wp-block-columns-is-layout-flex\">\n<div class=\"wp-block-column is-layout-flow wp-block-column-is-layout-flow\" style=\"flex-basis:25%\"><\/div>\n\n\n\n<div class=\"wp-block-column is-layout-flow wp-block-column-is-layout-flow\" style=\"flex-basis:50%\">\n<h2 class=\"wp-block-heading\">Demander des informations sans engagement<\/h2>\n\n\n\n<div class=\"wpcf7 no-js\" id=\"wpcf7-f1469-o1\" lang=\"fr-FR\" dir=\"ltr\" data-wpcf7-id=\"1469\">\n<div class=\"screen-reader-response\"><p role=\"status\" aria-live=\"polite\" aria-atomic=\"true\"><\/p> <ul><\/ul><\/div>\n<form action=\"\/fr\/wp-json\/wp\/v2\/pages\/1021#wpcf7-f1469-o1\" method=\"post\" class=\"wpcf7-form init\" aria-label=\"Formulaire de contact\" novalidate=\"novalidate\" data-status=\"init\">\n<fieldset class=\"hidden-fields-container\"><input type=\"hidden\" name=\"_wpcf7\" value=\"1469\" \/><input type=\"hidden\" name=\"_wpcf7_version\" value=\"6.1.5\" \/><input type=\"hidden\" name=\"_wpcf7_locale\" value=\"fr_FR\" \/><input type=\"hidden\" name=\"_wpcf7_unit_tag\" value=\"wpcf7-f1469-o1\" \/><input type=\"hidden\" name=\"_wpcf7_container_post\" value=\"0\" \/><input type=\"hidden\" name=\"_wpcf7_posted_data_hash\" value=\"\" \/>\n<\/fieldset>\n<p><label> Nom*<br \/>\n<span class=\"wpcf7-form-control-wrap\" data-name=\"your-name\"><input size=\"40\" maxlength=\"400\" class=\"wpcf7-form-control wpcf7-text wpcf7-validates-as-required\" aria-required=\"true\" aria-invalid=\"false\" value=\"\" type=\"text\" name=\"your-name\" \/><\/span> <\/label><br \/>\n<span id=\"wpcf7-69ef81b01a21d-wrapper\" class=\"wpcf7-form-control-wrap customer-email-wrap\" style=\"display:none !important; visibility:hidden !important;\"><label for=\"wpcf7-69ef81b01a21d-field\" class=\"hp-message\">Veuillez laisser ce champ vide.<\/label><input id=\"wpcf7-69ef81b01a21d-field\"  placeholder=\"email\"  class=\"wpcf7-form-control wpcf7-text\" type=\"text\" name=\"customer-email\" value=\"\" size=\"40\" tabindex=\"-1\" autocomplete=\"new-password\" \/><\/span><br \/>\n<label> \u00c9mail*<br \/>\n<span class=\"wpcf7-form-control-wrap\" data-name=\"your-email\"><input size=\"40\" maxlength=\"400\" class=\"wpcf7-form-control wpcf7-email wpcf7-validates-as-required wpcf7-text wpcf7-validates-as-email\" aria-required=\"true\" aria-invalid=\"false\" value=\"\" type=\"email\" name=\"your-email\" \/><\/span> <\/label>\n<\/p>\n<p><label> T\u00e9l\u00e9phone<br \/>\n<span class=\"wpcf7-form-control-wrap\" data-name=\"your-phone\"><input size=\"40\" maxlength=\"400\" class=\"wpcf7-form-control wpcf7-text wpcf7-validates-as-required\" aria-required=\"true\" aria-invalid=\"false\" value=\"\" type=\"text\" name=\"your-phone\" \/><\/span> <\/label>\n<\/p>\n<input class=\"wpcf7-form-control wpcf7-hidden\" value=\"Contacto web\" type=\"hidden\" name=\"your-subject\" \/>\n<p><label> Message<br \/>\n<span class=\"wpcf7-form-control-wrap\" data-name=\"your-message\"><textarea cols=\"40\" rows=\"5\" maxlength=\"2000\" class=\"wpcf7-form-control wpcf7-textarea\" aria-invalid=\"false\" name=\"your-message\"><\/textarea><\/span> <\/label>\n<\/p>\n<p><span class=\"wpcf7-form-control-wrap\" data-name=\"aceptacion\"><span class=\"wpcf7-form-control wpcf7-acceptance\"><span class=\"wpcf7-list-item\"><label><input type=\"checkbox\" name=\"aceptacion\" value=\"1\" aria-invalid=\"false\" \/><span class=\"wpcf7-list-item-label\">Je confirme avoir lu et j'accepte la <a href=\"https:\/\/grupomilan.com\/fr\/politique-de-confidentialite\/\" target=\"_blank\" rel=\"noopener noreferrer\">politique de confidentialit\u00e9<\/a><\/span><\/label><\/span><\/span><\/span>\n<\/p>\n<p><div class=\"info-basica-privacidad\"><p><small><\/p>\n<p><b> Information de base sur la confidentialit\u00e9:<\/b><\/p>\n<ul>\n<li><b>Responsable<\/b>: GRUPO MILAN INAGRAF, S.L.<\/li>\n<li><b> Finalit\u00e9s<\/b>: service d'information et gestion des candidatures en ligne. Collecte des curriculums via le formulaire \"Travailler avec nous\".<\/li>\n<li><b> L\u00e9gitimation<\/b>: Int\u00e9r\u00eat l\u00e9gitime. Consentement de l'utilisateur.<\/li>\n<li><b> Destinataires<\/b>: seront communiqu\u00e9s \u00e0 des tiers dans les cas suivants : administration, banques, forces et organismes de s\u00e9curit\u00e9, entit\u00e9s de conseil\/audit, entit\u00e9s de maintenance informatique, direction, s\u00e9curit\u00e9 sociale, services PRL.<\/li>\n<li><b>Conservation<\/b>: Vos coordonn\u00e9es seront conserv\u00e9es pendant les conditions l\u00e9gales \u00e9tablies ou jusqu'\u00e0 ce que leur suppression soit demand\u00e9e<\/li>\n<li><b> Droits <\/b>: Vous pouvez acc\u00e9der, rectifier, supprimer ou vous opposer au traitement de vos coordonn\u00e9es, entre autres, via la proc\u00e9dure pr\u00e9vue dans la Politique de Confidentialit\u00e9.<\/li>\n<li><b> Informations l\u00e9gales <\/b>: Pour plus d'informations sur le traitement de vos coordonn\u00e9es, cliquez sur <a href=\"https:\/\/grupomilan.com\/fr\/politique-de-confidentialite\/\" target=\"_blank\" rel=\"noopener noreferrer\">Politique de Confidentialit\u00e9<\/a>.<\/li>\n<\/ul>\n<p><\/small><\/p>\n<\/div>\n<\/p>\n<p><input class=\"wpcf7-form-control wpcf7-submit has-spinner btn-cut\" type=\"submit\" value=\"Envoyer\" \/>\n<\/p><div class=\"wpcf7-response-output\" aria-hidden=\"true\"><\/div>\n<\/form>\n<\/div>\n\n<\/div>\n\n\n\n<div class=\"wp-block-column is-layout-flow wp-block-column-is-layout-flow\" style=\"flex-basis:25%\"><\/div>\n<\/div>\n","protected":false},"excerpt":{"rendered":"<p>Nous sommes le Groupe Milan Inagraf, sp\u00e9cialistes dans le packaging et l&rsquo;impression. O\u00fa sommes-nous? Nous sommes une entreprise de Saragosse qui offre, depuis 1977, un&#8230;<\/p>\n<p class=\"mt-4\"><a class=\"btn btn-cut btn-outline-primary\" href=\"https:\/\/grupomilan.com\/fr\/conception-de-packaging\/\">Leer m\u00e1s<\/a><\/p>\n","protected":false},"author":1,"featured_media":1023,"parent":0,"menu_order":10,"comment_status":"closed","ping_status":"closed","template":"","meta":{"_acf_changed":false,"footnotes":""},"class_list":["post-1021","page","type-page","status-publish","has-post-thumbnail","hentry"],"acf":[],"yoast_head":"<!-- This site is optimized with the Yoast SEO plugin v27.3 - https:\/\/yoast.com\/product\/yoast-seo-wordpress\/ -->\n<title>Conception de packaging - GMI Arts graphiques - Grupo Mil\u00e1n \/ Inagraf<\/title>\n<meta name=\"description\" content=\"Nous sommes le Groupe Milan Inagraf, sp\u00e9cialistes dans le packaging et l&#039;impression. O\u00fa sommes-nous? Nous sommes une entreprise de Saragosse qui offre,\" \/>\n<meta name=\"robots\" content=\"index, follow, max-snippet:-1, max-image-preview:large, max-video-preview:-1\" \/>\n<link rel=\"canonical\" href=\"https:\/\/grupomilan.com\/fr\/conception-de-packaging\/\" \/>\n<meta property=\"og:locale\" content=\"fr_FR\" \/>\n<meta property=\"og:type\" content=\"article\" \/>\n<meta property=\"og:title\" content=\"Conception de packaging - GMI Arts graphiques - Grupo Mil\u00e1n \/ Inagraf\" \/>\n<meta property=\"og:description\" content=\"Nous sommes le Groupe Milan Inagraf, sp\u00e9cialistes dans le packaging et l&#039;impression. O\u00fa sommes-nous? Nous sommes une entreprise de Saragosse qui offre,\" \/>\n<meta property=\"og:url\" content=\"https:\/\/grupomilan.com\/fr\/conception-de-packaging\/\" \/>\n<meta property=\"og:site_name\" content=\"GMI Arts graphiques - Grupo Mil\u00e1n \/ Inagraf\" \/>\n<meta property=\"article:modified_time\" content=\"2021-06-28T14:54:33+00:00\" \/>\n<meta property=\"og:image\" content=\"https:\/\/grupomilan.com\/wp-content\/uploads\/testimonio-sample-bg.jpg\" \/>\n\t<meta property=\"og:image:width\" content=\"1440\" \/>\n\t<meta property=\"og:image:height\" content=\"960\" \/>\n\t<meta property=\"og:image:type\" content=\"image\/jpeg\" \/>\n<meta name=\"twitter:card\" content=\"summary_large_image\" \/>\n<meta name=\"twitter:label1\" content=\"Dur\u00e9e de lecture estim\u00e9e\" \/>\n\t<meta name=\"twitter:data1\" content=\"1 minute\" \/>\n<script type=\"application\/ld+json\" class=\"yoast-schema-graph\">{\"@context\":\"https:\\\/\\\/schema.org\",\"@graph\":[{\"@type\":\"WebPage\",\"@id\":\"https:\\\/\\\/grupomilan.com\\\/fr\\\/conception-de-packaging\\\/\",\"url\":\"https:\\\/\\\/grupomilan.com\\\/fr\\\/conception-de-packaging\\\/\",\"name\":\"Conception de packaging - GMI Arts graphiques - Grupo Mil\u00e1n \\\/ Inagraf\",\"isPartOf\":{\"@id\":\"https:\\\/\\\/grupomilan.com\\\/fr\\\/#website\"},\"primaryImageOfPage\":{\"@id\":\"https:\\\/\\\/grupomilan.com\\\/fr\\\/conception-de-packaging\\\/#primaryimage\"},\"image\":{\"@id\":\"https:\\\/\\\/grupomilan.com\\\/fr\\\/conception-de-packaging\\\/#primaryimage\"},\"thumbnailUrl\":\"https:\\\/\\\/grupomilan.com\\\/wp-content\\\/uploads\\\/testimonio-sample-bg.jpg\",\"datePublished\":\"2020-07-13T23:06:43+00:00\",\"dateModified\":\"2021-06-28T14:54:33+00:00\",\"description\":\"Nous sommes le Groupe Milan Inagraf, sp\u00e9cialistes dans le packaging et l'impression. O\u00fa sommes-nous? Nous sommes une entreprise de Saragosse qui offre,\",\"breadcrumb\":{\"@id\":\"https:\\\/\\\/grupomilan.com\\\/fr\\\/conception-de-packaging\\\/#breadcrumb\"},\"inLanguage\":\"fr-FR\",\"potentialAction\":[{\"@type\":\"ReadAction\",\"target\":[\"https:\\\/\\\/grupomilan.com\\\/fr\\\/conception-de-packaging\\\/\"]}]},{\"@type\":\"ImageObject\",\"inLanguage\":\"fr-FR\",\"@id\":\"https:\\\/\\\/grupomilan.com\\\/fr\\\/conception-de-packaging\\\/#primaryimage\",\"url\":\"https:\\\/\\\/grupomilan.com\\\/wp-content\\\/uploads\\\/testimonio-sample-bg.jpg\",\"contentUrl\":\"https:\\\/\\\/grupomilan.com\\\/wp-content\\\/uploads\\\/testimonio-sample-bg.jpg\",\"width\":1440,\"height\":960},{\"@type\":\"BreadcrumbList\",\"@id\":\"https:\\\/\\\/grupomilan.com\\\/fr\\\/conception-de-packaging\\\/#breadcrumb\",\"itemListElement\":[{\"@type\":\"ListItem\",\"position\":1,\"name\":\"Portada\",\"item\":\"https:\\\/\\\/grupomilan.com\\\/fr\\\/home\\\/\"},{\"@type\":\"ListItem\",\"position\":2,\"name\":\"Conception de packaging\"}]},{\"@type\":\"WebSite\",\"@id\":\"https:\\\/\\\/grupomilan.com\\\/fr\\\/#website\",\"url\":\"https:\\\/\\\/grupomilan.com\\\/fr\\\/\",\"name\":\"GMI Arts graphiques - Grupo Mil\u00e1n \\\/ Inagraf\",\"description\":\"Arts graphiques\",\"publisher\":{\"@id\":\"https:\\\/\\\/grupomilan.com\\\/fr\\\/#organization\"},\"potentialAction\":[{\"@type\":\"SearchAction\",\"target\":{\"@type\":\"EntryPoint\",\"urlTemplate\":\"https:\\\/\\\/grupomilan.com\\\/fr\\\/?s={search_term_string}\"},\"query-input\":{\"@type\":\"PropertyValueSpecification\",\"valueRequired\":true,\"valueName\":\"search_term_string\"}}],\"inLanguage\":\"fr-FR\"},{\"@type\":\"Organization\",\"@id\":\"https:\\\/\\\/grupomilan.com\\\/fr\\\/#organization\",\"name\":\"GMI Artes Gr\u00e1ficas - Grupo Mil\u00e1n \\\/ Inagraf\",\"url\":\"https:\\\/\\\/grupomilan.com\\\/fr\\\/\",\"logo\":{\"@type\":\"ImageObject\",\"inLanguage\":\"fr-FR\",\"@id\":\"https:\\\/\\\/grupomilan.com\\\/fr\\\/#\\\/schema\\\/logo\\\/image\\\/\",\"url\":\"https:\\\/\\\/grupomilan.com\\\/wp-content\\\/uploads\\\/logo-gmi-seo.png\",\"contentUrl\":\"https:\\\/\\\/grupomilan.com\\\/wp-content\\\/uploads\\\/logo-gmi-seo.png\",\"width\":308,\"height\":60,\"caption\":\"GMI Artes Gr\u00e1ficas - Grupo Mil\u00e1n \\\/ Inagraf\"},\"image\":{\"@id\":\"https:\\\/\\\/grupomilan.com\\\/fr\\\/#\\\/schema\\\/logo\\\/image\\\/\"}}]}<\/script>\n<!-- \/ Yoast SEO plugin. -->","yoast_head_json":{"title":"Conception de packaging - GMI Arts graphiques - Grupo Mil\u00e1n \/ Inagraf","description":"Nous sommes le Groupe Milan Inagraf, sp\u00e9cialistes dans le packaging et l'impression. O\u00fa sommes-nous? Nous sommes une entreprise de Saragosse qui offre,","robots":{"index":"index","follow":"follow","max-snippet":"max-snippet:-1","max-image-preview":"max-image-preview:large","max-video-preview":"max-video-preview:-1"},"canonical":"https:\/\/grupomilan.com\/fr\/conception-de-packaging\/","og_locale":"fr_FR","og_type":"article","og_title":"Conception de packaging - GMI Arts graphiques - Grupo Mil\u00e1n \/ Inagraf","og_description":"Nous sommes le Groupe Milan Inagraf, sp\u00e9cialistes dans le packaging et l'impression. O\u00fa sommes-nous? Nous sommes une entreprise de Saragosse qui offre,","og_url":"https:\/\/grupomilan.com\/fr\/conception-de-packaging\/","og_site_name":"GMI Arts graphiques - Grupo Mil\u00e1n \/ Inagraf","article_modified_time":"2021-06-28T14:54:33+00:00","og_image":[{"width":1440,"height":960,"url":"https:\/\/grupomilan.com\/wp-content\/uploads\/testimonio-sample-bg.jpg","type":"image\/jpeg"}],"twitter_card":"summary_large_image","twitter_misc":{"Dur\u00e9e de lecture estim\u00e9e":"1 minute"},"schema":{"@context":"https:\/\/schema.org","@graph":[{"@type":"WebPage","@id":"https:\/\/grupomilan.com\/fr\/conception-de-packaging\/","url":"https:\/\/grupomilan.com\/fr\/conception-de-packaging\/","name":"Conception de packaging - GMI Arts graphiques - Grupo Mil\u00e1n \/ Inagraf","isPartOf":{"@id":"https:\/\/grupomilan.com\/fr\/#website"},"primaryImageOfPage":{"@id":"https:\/\/grupomilan.com\/fr\/conception-de-packaging\/#primaryimage"},"image":{"@id":"https:\/\/grupomilan.com\/fr\/conception-de-packaging\/#primaryimage"},"thumbnailUrl":"https:\/\/grupomilan.com\/wp-content\/uploads\/testimonio-sample-bg.jpg","datePublished":"2020-07-13T23:06:43+00:00","dateModified":"2021-06-28T14:54:33+00:00","description":"Nous sommes le Groupe Milan Inagraf, sp\u00e9cialistes dans le packaging et l'impression. O\u00fa sommes-nous? Nous sommes une entreprise de Saragosse qui offre,","breadcrumb":{"@id":"https:\/\/grupomilan.com\/fr\/conception-de-packaging\/#breadcrumb"},"inLanguage":"fr-FR","potentialAction":[{"@type":"ReadAction","target":["https:\/\/grupomilan.com\/fr\/conception-de-packaging\/"]}]},{"@type":"ImageObject","inLanguage":"fr-FR","@id":"https:\/\/grupomilan.com\/fr\/conception-de-packaging\/#primaryimage","url":"https:\/\/grupomilan.com\/wp-content\/uploads\/testimonio-sample-bg.jpg","contentUrl":"https:\/\/grupomilan.com\/wp-content\/uploads\/testimonio-sample-bg.jpg","width":1440,"height":960},{"@type":"BreadcrumbList","@id":"https:\/\/grupomilan.com\/fr\/conception-de-packaging\/#breadcrumb","itemListElement":[{"@type":"ListItem","position":1,"name":"Portada","item":"https:\/\/grupomilan.com\/fr\/home\/"},{"@type":"ListItem","position":2,"name":"Conception de packaging"}]},{"@type":"WebSite","@id":"https:\/\/grupomilan.com\/fr\/#website","url":"https:\/\/grupomilan.com\/fr\/","name":"GMI Arts graphiques - Grupo Mil\u00e1n \/ Inagraf","description":"Arts graphiques","publisher":{"@id":"https:\/\/grupomilan.com\/fr\/#organization"},"potentialAction":[{"@type":"SearchAction","target":{"@type":"EntryPoint","urlTemplate":"https:\/\/grupomilan.com\/fr\/?s={search_term_string}"},"query-input":{"@type":"PropertyValueSpecification","valueRequired":true,"valueName":"search_term_string"}}],"inLanguage":"fr-FR"},{"@type":"Organization","@id":"https:\/\/grupomilan.com\/fr\/#organization","name":"GMI Artes Gr\u00e1ficas - Grupo Mil\u00e1n \/ Inagraf","url":"https:\/\/grupomilan.com\/fr\/","logo":{"@type":"ImageObject","inLanguage":"fr-FR","@id":"https:\/\/grupomilan.com\/fr\/#\/schema\/logo\/image\/","url":"https:\/\/grupomilan.com\/wp-content\/uploads\/logo-gmi-seo.png","contentUrl":"https:\/\/grupomilan.com\/wp-content\/uploads\/logo-gmi-seo.png","width":308,"height":60,"caption":"GMI Artes Gr\u00e1ficas - Grupo Mil\u00e1n \/ Inagraf"},"image":{"@id":"https:\/\/grupomilan.com\/fr\/#\/schema\/logo\/image\/"}}]}},"_links":{"self":[{"href":"https:\/\/grupomilan.com\/fr\/wp-json\/wp\/v2\/pages\/1021","targetHints":{"allow":["GET"]}}],"collection":[{"href":"https:\/\/grupomilan.com\/fr\/wp-json\/wp\/v2\/pages"}],"about":[{"href":"https:\/\/grupomilan.com\/fr\/wp-json\/wp\/v2\/types\/page"}],"author":[{"embeddable":true,"href":"https:\/\/grupomilan.com\/fr\/wp-json\/wp\/v2\/users\/1"}],"replies":[{"embeddable":true,"href":"https:\/\/grupomilan.com\/fr\/wp-json\/wp\/v2\/comments?post=1021"}],"version-history":[{"count":4,"href":"https:\/\/grupomilan.com\/fr\/wp-json\/wp\/v2\/pages\/1021\/revisions"}],"predecessor-version":[{"id":1481,"href":"https:\/\/grupomilan.com\/fr\/wp-json\/wp\/v2\/pages\/1021\/revisions\/1481"}],"wp:featuredmedia":[{"embeddable":true,"href":"https:\/\/grupomilan.com\/fr\/wp-json\/wp\/v2\/media\/1023"}],"wp:attachment":[{"href":"https:\/\/grupomilan.com\/fr\/wp-json\/wp\/v2\/media?parent=1021"}],"curies":[{"name":"wp","href":"https:\/\/api.w.org\/{rel}","templated":true}]}}