{"id":1019,"date":"2020-07-14T01:07:07","date_gmt":"2020-07-13T23:07:07","guid":{"rendered":"https:\/\/grupomilan.com\/contactar\/"},"modified":"2022-03-28T08:57:52","modified_gmt":"2022-03-28T06:57:52","slug":"contact","status":"publish","type":"page","link":"https:\/\/grupomilan.com\/fr\/contact\/","title":{"rendered":"Contact"},"content":{"rendered":"\n<div class=\"wp-block-columns is-layout-flex wp-container-core-columns-is-layout-28f84493 wp-block-columns-is-layout-flex\">\n<div class=\"wp-block-column is-layout-flow wp-block-column-is-layout-flow\" style=\"flex-basis:33.33%\">\n<div class=\"wp-block-group tiene-marcas-de-corte\"><div class=\"wp-block-group__inner-container is-layout-flow wp-block-group-is-layout-flow\">\n<p><strong>GRUPO MILAN INAGRAF SL<br><\/strong>6 Chemin de Biantenia<br>64700 Hendaye &#8211; France<\/p>\n\n\n\n<p><a href=\"mailto:france@grupomilan.com\">france@grupomilan.com<\/a><\/p>\n\n\n\n<a class=\"telefono\" href=\"tel:0033659979334\" target=\"_blank\" rel=\"noopener noreferrer\"><span class=\"img-telefono mr-3\">\n    <svg width=\"19px\" height=\"32px\" viewBox=\"0 0 19 32\" version=\"1.1\" xmlns=\"http:\/\/www.w3.org\/2000\/svg\" xmlns:xlink=\"http:\/\/www.w3.org\/1999\/xlink\">\n        <g id=\"Welcome\" stroke=\"none\" stroke-width=\"1\" fill=\"none\" fill-rule=\"evenodd\">\n            <g id=\"Desktop-Packaging\" transform=\"translate(-1106.000000, -57.000000)\" fill=\"#FFFFFF\" fill-rule=\"nonzero\">\n                <g id=\"PHONE\" transform=\"translate(1106.000000, 57.000000)\">\n                    <path d=\"M2.05405405,0 L16.9459459,0 C18.0803687,0 19,0.909643683 19,2.03174603 L19,29.968254 C19,31.0903563 18.0803687,32 16.9459459,32 L2.05405405,32 C0.919631325,32 0,31.0903563 0,29.968254 L0,2.03174603 C0,0.909643683 0.919631325,0 2.05405405,0 Z M2.05405405,1.01587302 C1.48684269,1.01587302 1.02702703,1.47069486 1.02702703,2.03174603 L1.02702703,29.968254 C1.02702703,30.5293051 1.48684269,30.984127 2.05405405,30.984127 L16.9459459,30.984127 C17.5131573,30.984127 17.972973,30.5293051 17.972973,29.968254 L17.972973,2.03174603 C17.972973,1.47069486 17.5131573,1.01587302 16.9459459,1.01587302 L2.05405405,1.01587302 Z\" id=\"Rectangle\"><\/path>\n                    <path d=\"M3.59459459,2.53968254 L15.4054054,2.53968254 C15.9726168,2.53968254 16.4324324,2.99450438 16.4324324,3.55555556 L16.4324324,28.952381 C16.4324324,29.5134321 15.9726168,29.968254 15.4054054,29.968254 L3.59459459,29.968254 C3.02738323,29.968254 2.56756757,29.5134321 2.56756757,28.952381 L2.56756757,3.55555556 C2.56756757,2.99450438 3.02738323,2.53968254 3.59459459,2.53968254 Z M3.59459459,3.04761905 C3.31098891,3.04761905 3.08108108,3.27502997 3.08108108,3.55555556 L3.08108108,28.952381 C3.08108108,29.2329065 3.31098891,29.4603175 3.59459459,29.4603175 L15.4054054,29.4603175 C15.6890111,29.4603175 15.9189189,29.2329065 15.9189189,28.952381 L15.9189189,3.55555556 C15.9189189,3.27502997 15.6890111,3.04761905 15.4054054,3.04761905 L3.59459459,3.04761905 Z\" id=\"Rectangle\"><\/path>\n                <\/g>\n            <\/g>\n        <\/g>\n    <\/svg><\/span>00 33 (0) 659 979 334<\/a>\n<\/div><\/div>\n\n\n\n<div style=\"height:54px\" aria-hidden=\"true\" class=\"wp-block-spacer\"><\/div>\n\n\n\n<p class=\"read-more\"><a href=\"https:\/\/grupomilan.com\/fr\/travailler-avec-nous\/\">Travailler avec nous<\/a><\/p>\n<\/div>\n\n\n\n<div class=\"wp-block-column is-layout-flow wp-block-column-is-layout-flow\" style=\"flex-basis:66.66%\">\n<iframe src=\"https:\/\/www.google.com\/maps\/embed?pb=!1m18!1m12!1m3!1d2900.8945224084787!2d-1.7692803836823956!3d43.35831687913261!2m3!1f0!2f0!3f0!3m2!1i1024!2i768!4f13.1!3m3!1m2!1s0xd5109269433b9f3%3A0x33ae067e443b8d88!2s6%20Chemin%20de%20Biant%C3%A9nia%2C%2064700%20Hendaye%2C%20Francia!5e0!3m2!1ses!2ses!4v1623850658044!5m2!1ses!2ses\" width=\"100%\" height=\"300\" style=\"border:0;\" allowfullscreen=\"\" loading=\"lazy\"><\/iframe>\n\n\n\n<p><\/p>\n<\/div>\n<\/div>\n\n\n\n<div class=\"wp-block-cover alignfull has-background-dim-90 has-primary-background-color has-background-dim has-parallax\" style=\"background-image:url(https:\/\/grupomilan.com\/wp-content\/uploads\/fondo-cabecera-gmi-web.jpg);min-height:200px;aspect-ratio:unset;\"><div class=\"wp-block-cover__inner-container is-layout-flow wp-block-cover-is-layout-flow\">\n<div class=\"wp-block-group container\"><div class=\"wp-block-group__inner-container is-layout-flow wp-block-group-is-layout-flow\">\n<div style=\"height:113px\" aria-hidden=\"true\" class=\"wp-block-spacer\"><\/div>\n\n\n\n<div class=\"wp-block-columns are-vertically-aligned-center is-layout-flex wp-container-core-columns-is-layout-28f84493 wp-block-columns-is-layout-flex\">\n<div class=\"wp-block-column is-vertically-aligned-center is-layout-flow wp-block-column-is-layout-flow\">\n<div class=\"wp-block-image is-style-rounded\"><figure class=\"aligncenter size-thumbnail\"><img loading=\"lazy\" decoding=\"async\" width=\"250\" height=\"250\" src=\"https:\/\/grupomilan.com\/wp-content\/uploads\/\/equipo-grupomilaninagraf-alex-salas-250x250.jpg\" alt=\"fondo-cabecera-gmi-web\" title=\"fondo-cabecera-gmi-web\"  class=\"wp-image-1068\"\/><\/figure><\/div>\n\n\n\n<p class=\"has-text-align-center has-medium-font-size\"><strong>Alex Salas y Prados<\/strong><\/p>\n\n\n\n<p class=\"has-text-align-center has-white-color has-text-color\">00 33 (0) 659 979 334<br><a href=\"mailto:france@grupomilan.com\"><span class=\"has-inline-color has-white-color\">france@grupomilan.com<\/span><\/a><\/p>\n<\/div>\n\n\n\n<div class=\"wp-block-column is-vertically-aligned-center is-layout-flow wp-block-column-is-layout-flow\"><\/div>\n\n\n\n<div class=\"wp-block-column is-vertically-aligned-center is-layout-flow wp-block-column-is-layout-flow\">\n<p style=\"font-size:24px\"><strong>Nous sommes \u00e0 votre disposition pour r\u00e9pondre \u00e0 toutes vos questions.<\/strong><\/p>\n<\/div>\n<\/div>\n\n\n\n<div style=\"height:65px\" aria-hidden=\"true\" class=\"wp-block-spacer\"><\/div>\n<\/div><\/div>\n<\/div><\/div>\n","protected":false},"excerpt":{"rendered":"<p>GRUPO MILAN INAGRAF SL6 Chemin de Biantenia64700 Hendaye &#8211; France france@grupomilan.com 00 33 (0) 659 979 334 Travailler avec nous&#8230;<\/p>\n<p class=\"mt-4\"><a class=\"btn btn-cut btn-outline-primary\" href=\"https:\/\/grupomilan.com\/fr\/contact\/\">Leer m\u00e1s<\/a><\/p>\n","protected":false},"author":1,"featured_media":0,"parent":0,"menu_order":70,"comment_status":"closed","ping_status":"closed","template":"","meta":{"_acf_changed":false,"footnotes":""},"class_list":["post-1019","page","type-page","status-publish","hentry"],"acf":[],"yoast_head":"<!-- This site is optimized with the Yoast SEO plugin v27.3 - https:\/\/yoast.com\/product\/yoast-seo-wordpress\/ -->\n<title>Contact - GMI Arts graphiques - Grupo Mil\u00e1n \/ Inagraf<\/title>\n<meta name=\"description\" content=\"GRUPO MILAN INAGRAF SL6 Chemin de Biantenia64700 Hendaye - France france@grupomilan.com 00 33 (0) 659 979 334 Travailler avec nous Alex Salas y Prados 00\" \/>\n<meta name=\"robots\" content=\"index, follow, max-snippet:-1, max-image-preview:large, max-video-preview:-1\" \/>\n<link rel=\"canonical\" href=\"https:\/\/grupomilan.com\/fr\/contact\/\" \/>\n<meta property=\"og:locale\" content=\"fr_FR\" \/>\n<meta property=\"og:type\" content=\"article\" \/>\n<meta property=\"og:title\" content=\"Contact - GMI Arts graphiques - Grupo Mil\u00e1n \/ Inagraf\" \/>\n<meta property=\"og:description\" content=\"GRUPO MILAN INAGRAF SL6 Chemin de Biantenia64700 Hendaye - France france@grupomilan.com 00 33 (0) 659 979 334 Travailler avec nous Alex Salas y Prados 00\" \/>\n<meta property=\"og:url\" content=\"https:\/\/grupomilan.com\/fr\/contact\/\" \/>\n<meta property=\"og:site_name\" content=\"GMI Arts graphiques - Grupo Mil\u00e1n \/ Inagraf\" \/>\n<meta property=\"article:modified_time\" content=\"2022-03-28T06:57:52+00:00\" \/>\n<meta property=\"og:image\" content=\"https:\/\/grupomilan.com\/wp-content\/uploads\/\/equipo-grupomilaninagraf-alex-salas-250x250.jpg\" \/>\n<meta name=\"twitter:card\" content=\"summary_large_image\" \/>\n<meta name=\"twitter:label1\" content=\"Dur\u00e9e de lecture estim\u00e9e\" \/>\n\t<meta name=\"twitter:data1\" content=\"1 minute\" \/>\n<script type=\"application\/ld+json\" class=\"yoast-schema-graph\">{\"@context\":\"https:\\\/\\\/schema.org\",\"@graph\":[{\"@type\":\"WebPage\",\"@id\":\"https:\\\/\\\/grupomilan.com\\\/fr\\\/contact\\\/\",\"url\":\"https:\\\/\\\/grupomilan.com\\\/fr\\\/contact\\\/\",\"name\":\"Contact - GMI Arts graphiques - Grupo Mil\u00e1n \\\/ Inagraf\",\"isPartOf\":{\"@id\":\"https:\\\/\\\/grupomilan.com\\\/fr\\\/#website\"},\"primaryImageOfPage\":{\"@id\":\"https:\\\/\\\/grupomilan.com\\\/fr\\\/contact\\\/#primaryimage\"},\"image\":{\"@id\":\"https:\\\/\\\/grupomilan.com\\\/fr\\\/contact\\\/#primaryimage\"},\"thumbnailUrl\":\"https:\\\/\\\/grupomilan.com\\\/wp-content\\\/uploads\\\/\\\/equipo-grupomilaninagraf-alex-salas-250x250.jpg\",\"datePublished\":\"2020-07-13T23:07:07+00:00\",\"dateModified\":\"2022-03-28T06:57:52+00:00\",\"description\":\"GRUPO MILAN INAGRAF SL6 Chemin de Biantenia64700 Hendaye - France france@grupomilan.com 00 33 (0) 659 979 334 Travailler avec nous Alex Salas y Prados 00\",\"breadcrumb\":{\"@id\":\"https:\\\/\\\/grupomilan.com\\\/fr\\\/contact\\\/#breadcrumb\"},\"inLanguage\":\"fr-FR\",\"potentialAction\":[{\"@type\":\"ReadAction\",\"target\":[\"https:\\\/\\\/grupomilan.com\\\/fr\\\/contact\\\/\"]}]},{\"@type\":\"ImageObject\",\"inLanguage\":\"fr-FR\",\"@id\":\"https:\\\/\\\/grupomilan.com\\\/fr\\\/contact\\\/#primaryimage\",\"url\":\"https:\\\/\\\/grupomilan.com\\\/wp-content\\\/uploads\\\/\\\/equipo-grupomilaninagraf-alex-salas-250x250.jpg\",\"contentUrl\":\"https:\\\/\\\/grupomilan.com\\\/wp-content\\\/uploads\\\/\\\/equipo-grupomilaninagraf-alex-salas-250x250.jpg\"},{\"@type\":\"BreadcrumbList\",\"@id\":\"https:\\\/\\\/grupomilan.com\\\/fr\\\/contact\\\/#breadcrumb\",\"itemListElement\":[{\"@type\":\"ListItem\",\"position\":1,\"name\":\"Portada\",\"item\":\"https:\\\/\\\/grupomilan.com\\\/fr\\\/home\\\/\"},{\"@type\":\"ListItem\",\"position\":2,\"name\":\"Contact\"}]},{\"@type\":\"WebSite\",\"@id\":\"https:\\\/\\\/grupomilan.com\\\/fr\\\/#website\",\"url\":\"https:\\\/\\\/grupomilan.com\\\/fr\\\/\",\"name\":\"GMI Arts graphiques - Grupo Mil\u00e1n \\\/ Inagraf\",\"description\":\"Arts graphiques\",\"publisher\":{\"@id\":\"https:\\\/\\\/grupomilan.com\\\/fr\\\/#organization\"},\"potentialAction\":[{\"@type\":\"SearchAction\",\"target\":{\"@type\":\"EntryPoint\",\"urlTemplate\":\"https:\\\/\\\/grupomilan.com\\\/fr\\\/?s={search_term_string}\"},\"query-input\":{\"@type\":\"PropertyValueSpecification\",\"valueRequired\":true,\"valueName\":\"search_term_string\"}}],\"inLanguage\":\"fr-FR\"},{\"@type\":\"Organization\",\"@id\":\"https:\\\/\\\/grupomilan.com\\\/fr\\\/#organization\",\"name\":\"GMI Artes Gr\u00e1ficas - Grupo Mil\u00e1n \\\/ Inagraf\",\"url\":\"https:\\\/\\\/grupomilan.com\\\/fr\\\/\",\"logo\":{\"@type\":\"ImageObject\",\"inLanguage\":\"fr-FR\",\"@id\":\"https:\\\/\\\/grupomilan.com\\\/fr\\\/#\\\/schema\\\/logo\\\/image\\\/\",\"url\":\"https:\\\/\\\/grupomilan.com\\\/wp-content\\\/uploads\\\/logo-gmi-seo.png\",\"contentUrl\":\"https:\\\/\\\/grupomilan.com\\\/wp-content\\\/uploads\\\/logo-gmi-seo.png\",\"width\":308,\"height\":60,\"caption\":\"GMI Artes Gr\u00e1ficas - Grupo Mil\u00e1n \\\/ Inagraf\"},\"image\":{\"@id\":\"https:\\\/\\\/grupomilan.com\\\/fr\\\/#\\\/schema\\\/logo\\\/image\\\/\"}}]}<\/script>\n<!-- \/ Yoast SEO plugin. -->","yoast_head_json":{"title":"Contact - GMI Arts graphiques - Grupo Mil\u00e1n \/ Inagraf","description":"GRUPO MILAN INAGRAF SL6 Chemin de Biantenia64700 Hendaye - France france@grupomilan.com 00 33 (0) 659 979 334 Travailler avec nous Alex Salas y Prados 00","robots":{"index":"index","follow":"follow","max-snippet":"max-snippet:-1","max-image-preview":"max-image-preview:large","max-video-preview":"max-video-preview:-1"},"canonical":"https:\/\/grupomilan.com\/fr\/contact\/","og_locale":"fr_FR","og_type":"article","og_title":"Contact - GMI Arts graphiques - Grupo Mil\u00e1n \/ Inagraf","og_description":"GRUPO MILAN INAGRAF SL6 Chemin de Biantenia64700 Hendaye - France france@grupomilan.com 00 33 (0) 659 979 334 Travailler avec nous Alex Salas y Prados 00","og_url":"https:\/\/grupomilan.com\/fr\/contact\/","og_site_name":"GMI Arts graphiques - Grupo Mil\u00e1n \/ Inagraf","article_modified_time":"2022-03-28T06:57:52+00:00","og_image":[{"url":"https:\/\/grupomilan.com\/wp-content\/uploads\/\/equipo-grupomilaninagraf-alex-salas-250x250.jpg","type":"","width":"","height":""}],"twitter_card":"summary_large_image","twitter_misc":{"Dur\u00e9e de lecture estim\u00e9e":"1 minute"},"schema":{"@context":"https:\/\/schema.org","@graph":[{"@type":"WebPage","@id":"https:\/\/grupomilan.com\/fr\/contact\/","url":"https:\/\/grupomilan.com\/fr\/contact\/","name":"Contact - GMI Arts graphiques - Grupo Mil\u00e1n \/ Inagraf","isPartOf":{"@id":"https:\/\/grupomilan.com\/fr\/#website"},"primaryImageOfPage":{"@id":"https:\/\/grupomilan.com\/fr\/contact\/#primaryimage"},"image":{"@id":"https:\/\/grupomilan.com\/fr\/contact\/#primaryimage"},"thumbnailUrl":"https:\/\/grupomilan.com\/wp-content\/uploads\/\/equipo-grupomilaninagraf-alex-salas-250x250.jpg","datePublished":"2020-07-13T23:07:07+00:00","dateModified":"2022-03-28T06:57:52+00:00","description":"GRUPO MILAN INAGRAF SL6 Chemin de Biantenia64700 Hendaye - France france@grupomilan.com 00 33 (0) 659 979 334 Travailler avec nous Alex Salas y Prados 00","breadcrumb":{"@id":"https:\/\/grupomilan.com\/fr\/contact\/#breadcrumb"},"inLanguage":"fr-FR","potentialAction":[{"@type":"ReadAction","target":["https:\/\/grupomilan.com\/fr\/contact\/"]}]},{"@type":"ImageObject","inLanguage":"fr-FR","@id":"https:\/\/grupomilan.com\/fr\/contact\/#primaryimage","url":"https:\/\/grupomilan.com\/wp-content\/uploads\/\/equipo-grupomilaninagraf-alex-salas-250x250.jpg","contentUrl":"https:\/\/grupomilan.com\/wp-content\/uploads\/\/equipo-grupomilaninagraf-alex-salas-250x250.jpg"},{"@type":"BreadcrumbList","@id":"https:\/\/grupomilan.com\/fr\/contact\/#breadcrumb","itemListElement":[{"@type":"ListItem","position":1,"name":"Portada","item":"https:\/\/grupomilan.com\/fr\/home\/"},{"@type":"ListItem","position":2,"name":"Contact"}]},{"@type":"WebSite","@id":"https:\/\/grupomilan.com\/fr\/#website","url":"https:\/\/grupomilan.com\/fr\/","name":"GMI Arts graphiques - Grupo Mil\u00e1n \/ Inagraf","description":"Arts graphiques","publisher":{"@id":"https:\/\/grupomilan.com\/fr\/#organization"},"potentialAction":[{"@type":"SearchAction","target":{"@type":"EntryPoint","urlTemplate":"https:\/\/grupomilan.com\/fr\/?s={search_term_string}"},"query-input":{"@type":"PropertyValueSpecification","valueRequired":true,"valueName":"search_term_string"}}],"inLanguage":"fr-FR"},{"@type":"Organization","@id":"https:\/\/grupomilan.com\/fr\/#organization","name":"GMI Artes Gr\u00e1ficas - Grupo Mil\u00e1n \/ Inagraf","url":"https:\/\/grupomilan.com\/fr\/","logo":{"@type":"ImageObject","inLanguage":"fr-FR","@id":"https:\/\/grupomilan.com\/fr\/#\/schema\/logo\/image\/","url":"https:\/\/grupomilan.com\/wp-content\/uploads\/logo-gmi-seo.png","contentUrl":"https:\/\/grupomilan.com\/wp-content\/uploads\/logo-gmi-seo.png","width":308,"height":60,"caption":"GMI Artes Gr\u00e1ficas - Grupo Mil\u00e1n \/ Inagraf"},"image":{"@id":"https:\/\/grupomilan.com\/fr\/#\/schema\/logo\/image\/"}}]}},"_links":{"self":[{"href":"https:\/\/grupomilan.com\/fr\/wp-json\/wp\/v2\/pages\/1019","targetHints":{"allow":["GET"]}}],"collection":[{"href":"https:\/\/grupomilan.com\/fr\/wp-json\/wp\/v2\/pages"}],"about":[{"href":"https:\/\/grupomilan.com\/fr\/wp-json\/wp\/v2\/types\/page"}],"author":[{"embeddable":true,"href":"https:\/\/grupomilan.com\/fr\/wp-json\/wp\/v2\/users\/1"}],"replies":[{"embeddable":true,"href":"https:\/\/grupomilan.com\/fr\/wp-json\/wp\/v2\/comments?post=1019"}],"version-history":[{"count":7,"href":"https:\/\/grupomilan.com\/fr\/wp-json\/wp\/v2\/pages\/1019\/revisions"}],"predecessor-version":[{"id":4064,"href":"https:\/\/grupomilan.com\/fr\/wp-json\/wp\/v2\/pages\/1019\/revisions\/4064"}],"wp:attachment":[{"href":"https:\/\/grupomilan.com\/fr\/wp-json\/wp\/v2\/media?parent=1019"}],"curies":[{"name":"wp","href":"https:\/\/api.w.org\/{rel}","templated":true}]}}