{"id":1005,"date":"2020-09-16T16:55:22","date_gmt":"2020-09-16T14:55:22","guid":{"rendered":"https:\/\/grupomilan.com\/e-commerce\/"},"modified":"2021-06-29T23:43:07","modified_gmt":"2021-06-29T21:43:07","slug":"e-commerce","status":"publish","type":"page","link":"https:\/\/grupomilan.com\/fr\/packaging-personnalise\/e-commerce\/","title":{"rendered":"Packaging pour le commerce \u00e9lectronique"},"content":{"rendered":"\n<div class=\"wp-block-columns is-layout-flex wp-container-core-columns-is-layout-28f84493 wp-block-columns-is-layout-flex\">\n<div class=\"wp-block-column is-layout-flow wp-block-column-is-layout-flow\" style=\"flex-basis:33.33%\">\n<p><strong>Avez-vous une boutique en ligne ? Vous souhaitez que vos articles arrivent en parfait \u00e9tat au client final ?<\/strong><\/p>\n<\/div>\n\n\n\n<div class=\"wp-block-column is-layout-flow wp-block-column-is-layout-flow\" style=\"flex-basis:66.66%\">\n<p>Chez GMI, nous avons un seul objectif et c&rsquo;est nous porter garant pour l&#8217;emballage de vos produits qui r\u00e9siste \u00e0 l&rsquo;ensemble du processus de vente et que le client le re\u00e7oive en parfait \u00e9tat. En plus d&rsquo;utiliser des mat\u00e9riaux de qualit\u00e9, nous avons diff\u00e9rents types de solutions focalis\u00e9es sur diff\u00e9rents secteurs, types d&rsquo;articles, tailles, etc.<\/p>\n<\/div>\n<\/div>\n\n\n\n<h2 class=\"wp-block-heading\">L&rsquo;importance d&rsquo;une bonne pr\u00e9sentation<\/h2>\n\n\n\n<div class=\"wp-block-columns is-layout-flex wp-container-core-columns-is-layout-28f84493 wp-block-columns-is-layout-flex\">\n<div class=\"wp-block-column is-layout-flow wp-block-column-is-layout-flow\">\n<p>En outre, il n&rsquo;est pas seulement indispensable que le produit parvienne \u00e0 destination en bon \u00e9tat, mais aussi il ne faut pas oublier l&rsquo;importance d&rsquo;une bonne pr\u00e9sentation. Chez GMI, nous savons qu&rsquo;un client appr\u00e9cie beaucoup la bo\u00eete ou l&#8217;emballage de sa commande et, par cons\u00e9quent, nous avons plusieurs mod\u00e8les diff\u00e9rents pour les envois depuis votre boutique en ligne.<\/p>\n<\/div>\n\n\n\n<div class=\"wp-block-column is-layout-flow wp-block-column-is-layout-flow\">\n<p>Bo\u00eetes avec couvercles, emballages pour petits objets, bo\u00eetes avec rabats sur mesure, grands emballages pour objets plus volumineux\u2026 Demandez-nous sans engagement toutes les options que vous pouvez trouver pour votre e-commerce et choisissez la plus appropri\u00e9e pour montrer une pr\u00e9sentation correcte \u00e0 vos clientes.<\/p>\n<\/div>\n<\/div>\n\n\n\n<h2 class=\"wp-block-heading\">Personnalisation des emballages pour les boutiques en ligne<\/h2>\n\n\n\n<div class=\"wp-block-columns is-layout-flex wp-container-core-columns-is-layout-28f84493 wp-block-columns-is-layout-flex\">\n<div class=\"wp-block-column is-layout-flow wp-block-column-is-layout-flow\">\n<p>Et bien s\u00fbr, nous personnalisons nos bo\u00eetes et emballages pour les articles de commerce \u00e9lectronique avec les caract\u00e9ristiques dont votre entreprise en a besoin. Nous prenons soin des couleurs de votre marque, votre logo, des informations sur le produit achet\u00e9, ainsi que toute information ou phrase d&rsquo;entreprise que vous souhaitez inclure dans l&#8217;emballage. Nous nous adaptons \u00e0 100% \u00e0 vos besoins.<\/p>\n<\/div>\n\n\n\n<div class=\"wp-block-column is-layout-flow wp-block-column-is-layout-flow\">\n<p>Dites-nous combien vous souhaitez pour vos produits et nous le pr\u00e9parerons selon votre conception. Si vous avez des articles d&rsquo;une taille, d&rsquo;un style ou d&rsquo;un th\u00e8me diff\u00e9rent, vous pouvez \u00e9galement commander diff\u00e9rentes solutions chez nous. Le plus important est que le client re\u00e7oive son colis en bon \u00e9tat et qu&rsquo;il soit \u00e9galement satisfait du produit. Et pour qu&rsquo;un client soit satisfait de sa commande, l&#8217;emballage utilis\u00e9 est l&rsquo;un des facteurs fondamentaux qu&rsquo;il prend en compte.<\/p>\n<\/div>\n<\/div>\n\n\n\n<div style=\"height:100px\" aria-hidden=\"true\" class=\"wp-block-spacer\"><\/div>\n\n\n\n<figure class=\"wp-block-gallery columns-3 is-cropped wp-block-gallery-1 is-layout-flex wp-block-gallery-is-layout-flex\"><ul class=\"blocks-gallery-grid\"><li class=\"blocks-gallery-item\"><figure><img loading=\"lazy\" decoding=\"async\" width=\"1280\" height=\"853\" src=\"https:\/\/grupomilan.com\/wp-content\/uploads\/2.4.1-CAJALIBRO.jpg\" alt=\"\" data-id=\"412\" data-full-url=\"https:\/\/grupomilan.com\/wp-content\/uploads\/2.4.1-CAJALIBRO.jpg\" data-link=\"https:\/\/grupomilan.com\/sectores\/e-commerce\/2-4-1-cajalibro\/\" class=\"wp-image-1006\" srcset=\"https:\/\/grupomilan.com\/wp-content\/uploads\/2.4.1-CAJALIBRO.jpg 1280w, https:\/\/grupomilan.com\/wp-content\/uploads\/2.4.1-CAJALIBRO-400x267.jpg 400w, https:\/\/grupomilan.com\/wp-content\/uploads\/2.4.1-CAJALIBRO-768x512.jpg 768w\" sizes=\"auto, (max-width: 1280px) 100vw, 1280px\" \/><\/figure><\/li><li class=\"blocks-gallery-item\"><figure><img loading=\"lazy\" decoding=\"async\" width=\"1280\" height=\"853\" src=\"https:\/\/grupomilan.com\/wp-content\/uploads\/2.4.2-DOBLEPARED-A.jpg\" alt=\"\" data-id=\"413\" data-full-url=\"https:\/\/grupomilan.com\/wp-content\/uploads\/2.4.2-DOBLEPARED-A.jpg\" data-link=\"https:\/\/grupomilan.com\/sectores\/e-commerce\/2-4-2-doblepared-a\/\" class=\"wp-image-1377\" srcset=\"https:\/\/grupomilan.com\/wp-content\/uploads\/2.4.2-DOBLEPARED-A.jpg 1280w, https:\/\/grupomilan.com\/wp-content\/uploads\/2.4.2-DOBLEPARED-A-400x267.jpg 400w, https:\/\/grupomilan.com\/wp-content\/uploads\/2.4.2-DOBLEPARED-A-768x512.jpg 768w\" sizes=\"auto, (max-width: 1280px) 100vw, 1280px\" \/><\/figure><\/li><li class=\"blocks-gallery-item\"><figure><img loading=\"lazy\" decoding=\"async\" width=\"1280\" height=\"853\" src=\"https:\/\/grupomilan.com\/wp-content\/uploads\/2.4.2-DOBLEPARED-B.jpg\" alt=\"\" data-id=\"414\" data-full-url=\"https:\/\/grupomilan.com\/wp-content\/uploads\/2.4.2-DOBLEPARED-B.jpg\" data-link=\"https:\/\/grupomilan.com\/sectores\/e-commerce\/2-4-2-doblepared-b\/\" class=\"wp-image-1378\" srcset=\"https:\/\/grupomilan.com\/wp-content\/uploads\/2.4.2-DOBLEPARED-B.jpg 1280w, https:\/\/grupomilan.com\/wp-content\/uploads\/2.4.2-DOBLEPARED-B-400x267.jpg 400w, https:\/\/grupomilan.com\/wp-content\/uploads\/2.4.2-DOBLEPARED-B-768x512.jpg 768w\" sizes=\"auto, (max-width: 1280px) 100vw, 1280px\" \/><\/figure><\/li><li class=\"blocks-gallery-item\"><figure><img loading=\"lazy\" decoding=\"async\" width=\"1280\" height=\"853\" src=\"https:\/\/grupomilan.com\/wp-content\/uploads\/2.4.3-TAPEYFONDO.jpg\" alt=\"\" data-id=\"415\" data-full-url=\"https:\/\/grupomilan.com\/wp-content\/uploads\/2.4.3-TAPEYFONDO.jpg\" data-link=\"https:\/\/grupomilan.com\/sectores\/e-commerce\/2-4-3-tapeyfondo\/\" class=\"wp-image-1031\" srcset=\"https:\/\/grupomilan.com\/wp-content\/uploads\/2.4.3-TAPEYFONDO.jpg 1280w, https:\/\/grupomilan.com\/wp-content\/uploads\/2.4.3-TAPEYFONDO-400x267.jpg 400w, https:\/\/grupomilan.com\/wp-content\/uploads\/2.4.3-TAPEYFONDO-768x512.jpg 768w\" sizes=\"auto, (max-width: 1280px) 100vw, 1280px\" \/><\/figure><\/li><li class=\"blocks-gallery-item\"><figure><img loading=\"lazy\" decoding=\"async\" width=\"1280\" height=\"853\" src=\"https:\/\/grupomilan.com\/wp-content\/uploads\/2.4.4-CIERREPRECINTO.jpg\" alt=\"Packaging para ecommerce. Cierre con precinto.\" data-id=\"416\" data-full-url=\"https:\/\/grupomilan.com\/wp-content\/uploads\/2.4.4-CIERREPRECINTO.jpg\" data-link=\"https:\/\/grupomilan.com\/sectores\/e-commerce\/2-4-4-cierreprecinto\/\" class=\"wp-image-1379\" srcset=\"https:\/\/grupomilan.com\/wp-content\/uploads\/2.4.4-CIERREPRECINTO.jpg 1280w, https:\/\/grupomilan.com\/wp-content\/uploads\/2.4.4-CIERREPRECINTO-400x267.jpg 400w, https:\/\/grupomilan.com\/wp-content\/uploads\/2.4.4-CIERREPRECINTO-768x512.jpg 768w\" sizes=\"auto, (max-width: 1280px) 100vw, 1280px\" \/><\/figure><\/li><\/ul><\/figure>\n","protected":false},"excerpt":{"rendered":"<p>Avez-vous une boutique en ligne ? Vous souhaitez que vos articles arrivent en parfait \u00e9tat au client final ? Chez GMI, nous avons un seul&#8230;<\/p>\n<p class=\"mt-4\"><a class=\"btn btn-cut btn-outline-primary\" href=\"https:\/\/grupomilan.com\/fr\/packaging-personnalise\/e-commerce\/\">Leer m\u00e1s<\/a><\/p>\n","protected":false},"author":1,"featured_media":1007,"parent":1018,"menu_order":40,"comment_status":"closed","ping_status":"closed","template":"","meta":{"_acf_changed":false,"footnotes":""},"class_list":["post-1005","page","type-page","status-publish","has-post-thumbnail","hentry"],"acf":[],"yoast_head":"<!-- This site is optimized with the Yoast SEO plugin v27.3 - https:\/\/yoast.com\/product\/yoast-seo-wordpress\/ -->\n<title>Packaging pour le commerce \u00e9lectronique - GMI Arts graphiques - Grupo Mil\u00e1n \/ Inagraf<\/title>\n<meta name=\"description\" content=\"Avez-vous une boutique en ligne ? Vous souhaitez que vos articles arrivent en parfait \u00e9tat au client final ? Chez Grupo Milan, nous vous conseillons dans votre projet.\" \/>\n<meta name=\"robots\" content=\"index, follow, max-snippet:-1, max-image-preview:large, max-video-preview:-1\" \/>\n<link rel=\"canonical\" href=\"https:\/\/grupomilan.com\/fr\/packaging-personnalise\/e-commerce\/\" \/>\n<meta property=\"og:locale\" content=\"fr_FR\" \/>\n<meta property=\"og:type\" content=\"article\" \/>\n<meta property=\"og:title\" content=\"Packaging pour le commerce \u00e9lectronique - GMI Arts graphiques - Grupo Mil\u00e1n \/ Inagraf\" \/>\n<meta property=\"og:description\" content=\"Avez-vous une boutique en ligne ? Vous souhaitez que vos articles arrivent en parfait \u00e9tat au client final ? Chez Grupo Milan, nous vous conseillons dans votre projet.\" \/>\n<meta property=\"og:url\" content=\"https:\/\/grupomilan.com\/fr\/packaging-personnalise\/e-commerce\/\" \/>\n<meta property=\"og:site_name\" content=\"GMI Arts graphiques - Grupo Mil\u00e1n \/ Inagraf\" \/>\n<meta property=\"article:modified_time\" content=\"2021-06-29T21:43:07+00:00\" \/>\n<meta property=\"og:image\" content=\"https:\/\/grupomilan.com\/wp-content\/uploads\/E-COMMERCE-CABECERA-CATEGORIA.png\" \/>\n\t<meta property=\"og:image:width\" content=\"430\" \/>\n\t<meta property=\"og:image:height\" content=\"319\" \/>\n\t<meta property=\"og:image:type\" content=\"image\/png\" \/>\n<meta name=\"twitter:card\" content=\"summary_large_image\" \/>\n<meta name=\"twitter:label1\" content=\"Dur\u00e9e de lecture estim\u00e9e\" \/>\n\t<meta name=\"twitter:data1\" content=\"3 minutes\" \/>\n<script type=\"application\/ld+json\" class=\"yoast-schema-graph\">{\"@context\":\"https:\\\/\\\/schema.org\",\"@graph\":[{\"@type\":\"WebPage\",\"@id\":\"https:\\\/\\\/grupomilan.com\\\/fr\\\/packaging-personnalise\\\/e-commerce\\\/\",\"url\":\"https:\\\/\\\/grupomilan.com\\\/fr\\\/packaging-personnalise\\\/e-commerce\\\/\",\"name\":\"Packaging pour le commerce \u00e9lectronique - GMI Arts graphiques - Grupo Mil\u00e1n \\\/ Inagraf\",\"isPartOf\":{\"@id\":\"https:\\\/\\\/grupomilan.com\\\/fr\\\/#website\"},\"primaryImageOfPage\":{\"@id\":\"https:\\\/\\\/grupomilan.com\\\/fr\\\/packaging-personnalise\\\/e-commerce\\\/#primaryimage\"},\"image\":{\"@id\":\"https:\\\/\\\/grupomilan.com\\\/fr\\\/packaging-personnalise\\\/e-commerce\\\/#primaryimage\"},\"thumbnailUrl\":\"https:\\\/\\\/grupomilan.com\\\/wp-content\\\/uploads\\\/E-COMMERCE-CABECERA-CATEGORIA.png\",\"datePublished\":\"2020-09-16T14:55:22+00:00\",\"dateModified\":\"2021-06-29T21:43:07+00:00\",\"description\":\"Avez-vous une boutique en ligne ? Vous souhaitez que vos articles arrivent en parfait \u00e9tat au client final ? Chez Grupo Milan, nous vous conseillons dans votre projet.\",\"breadcrumb\":{\"@id\":\"https:\\\/\\\/grupomilan.com\\\/fr\\\/packaging-personnalise\\\/e-commerce\\\/#breadcrumb\"},\"inLanguage\":\"fr-FR\",\"potentialAction\":[{\"@type\":\"ReadAction\",\"target\":[\"https:\\\/\\\/grupomilan.com\\\/fr\\\/packaging-personnalise\\\/e-commerce\\\/\"]}]},{\"@type\":\"ImageObject\",\"inLanguage\":\"fr-FR\",\"@id\":\"https:\\\/\\\/grupomilan.com\\\/fr\\\/packaging-personnalise\\\/e-commerce\\\/#primaryimage\",\"url\":\"https:\\\/\\\/grupomilan.com\\\/wp-content\\\/uploads\\\/E-COMMERCE-CABECERA-CATEGORIA.png\",\"contentUrl\":\"https:\\\/\\\/grupomilan.com\\\/wp-content\\\/uploads\\\/E-COMMERCE-CABECERA-CATEGORIA.png\",\"width\":430,\"height\":319},{\"@type\":\"BreadcrumbList\",\"@id\":\"https:\\\/\\\/grupomilan.com\\\/fr\\\/packaging-personnalise\\\/e-commerce\\\/#breadcrumb\",\"itemListElement\":[{\"@type\":\"ListItem\",\"position\":1,\"name\":\"Portada\",\"item\":\"https:\\\/\\\/grupomilan.com\\\/fr\\\/home\\\/\"},{\"@type\":\"ListItem\",\"position\":2,\"name\":\"Packaging personnalis\u00e9\",\"item\":\"https:\\\/\\\/grupomilan.com\\\/fr\\\/packaging-personnalise\\\/\"},{\"@type\":\"ListItem\",\"position\":3,\"name\":\"Packaging pour le commerce \u00e9lectronique\"}]},{\"@type\":\"WebSite\",\"@id\":\"https:\\\/\\\/grupomilan.com\\\/fr\\\/#website\",\"url\":\"https:\\\/\\\/grupomilan.com\\\/fr\\\/\",\"name\":\"GMI Arts graphiques - Grupo Mil\u00e1n \\\/ Inagraf\",\"description\":\"Arts graphiques\",\"publisher\":{\"@id\":\"https:\\\/\\\/grupomilan.com\\\/fr\\\/#organization\"},\"potentialAction\":[{\"@type\":\"SearchAction\",\"target\":{\"@type\":\"EntryPoint\",\"urlTemplate\":\"https:\\\/\\\/grupomilan.com\\\/fr\\\/?s={search_term_string}\"},\"query-input\":{\"@type\":\"PropertyValueSpecification\",\"valueRequired\":true,\"valueName\":\"search_term_string\"}}],\"inLanguage\":\"fr-FR\"},{\"@type\":\"Organization\",\"@id\":\"https:\\\/\\\/grupomilan.com\\\/fr\\\/#organization\",\"name\":\"GMI Artes Gr\u00e1ficas - Grupo Mil\u00e1n \\\/ Inagraf\",\"url\":\"https:\\\/\\\/grupomilan.com\\\/fr\\\/\",\"logo\":{\"@type\":\"ImageObject\",\"inLanguage\":\"fr-FR\",\"@id\":\"https:\\\/\\\/grupomilan.com\\\/fr\\\/#\\\/schema\\\/logo\\\/image\\\/\",\"url\":\"https:\\\/\\\/grupomilan.com\\\/wp-content\\\/uploads\\\/logo-gmi-seo.png\",\"contentUrl\":\"https:\\\/\\\/grupomilan.com\\\/wp-content\\\/uploads\\\/logo-gmi-seo.png\",\"width\":308,\"height\":60,\"caption\":\"GMI Artes Gr\u00e1ficas - Grupo Mil\u00e1n \\\/ Inagraf\"},\"image\":{\"@id\":\"https:\\\/\\\/grupomilan.com\\\/fr\\\/#\\\/schema\\\/logo\\\/image\\\/\"}}]}<\/script>\n<!-- \/ Yoast SEO plugin. -->","yoast_head_json":{"title":"Packaging pour le commerce \u00e9lectronique - GMI Arts graphiques - Grupo Mil\u00e1n \/ Inagraf","description":"Avez-vous une boutique en ligne ? Vous souhaitez que vos articles arrivent en parfait \u00e9tat au client final ? Chez Grupo Milan, nous vous conseillons dans votre projet.","robots":{"index":"index","follow":"follow","max-snippet":"max-snippet:-1","max-image-preview":"max-image-preview:large","max-video-preview":"max-video-preview:-1"},"canonical":"https:\/\/grupomilan.com\/fr\/packaging-personnalise\/e-commerce\/","og_locale":"fr_FR","og_type":"article","og_title":"Packaging pour le commerce \u00e9lectronique - GMI Arts graphiques - Grupo Mil\u00e1n \/ Inagraf","og_description":"Avez-vous une boutique en ligne ? Vous souhaitez que vos articles arrivent en parfait \u00e9tat au client final ? Chez Grupo Milan, nous vous conseillons dans votre projet.","og_url":"https:\/\/grupomilan.com\/fr\/packaging-personnalise\/e-commerce\/","og_site_name":"GMI Arts graphiques - Grupo Mil\u00e1n \/ Inagraf","article_modified_time":"2021-06-29T21:43:07+00:00","og_image":[{"width":430,"height":319,"url":"https:\/\/grupomilan.com\/wp-content\/uploads\/E-COMMERCE-CABECERA-CATEGORIA.png","type":"image\/png"}],"twitter_card":"summary_large_image","twitter_misc":{"Dur\u00e9e de lecture estim\u00e9e":"3 minutes"},"schema":{"@context":"https:\/\/schema.org","@graph":[{"@type":"WebPage","@id":"https:\/\/grupomilan.com\/fr\/packaging-personnalise\/e-commerce\/","url":"https:\/\/grupomilan.com\/fr\/packaging-personnalise\/e-commerce\/","name":"Packaging pour le commerce \u00e9lectronique - GMI Arts graphiques - Grupo Mil\u00e1n \/ Inagraf","isPartOf":{"@id":"https:\/\/grupomilan.com\/fr\/#website"},"primaryImageOfPage":{"@id":"https:\/\/grupomilan.com\/fr\/packaging-personnalise\/e-commerce\/#primaryimage"},"image":{"@id":"https:\/\/grupomilan.com\/fr\/packaging-personnalise\/e-commerce\/#primaryimage"},"thumbnailUrl":"https:\/\/grupomilan.com\/wp-content\/uploads\/E-COMMERCE-CABECERA-CATEGORIA.png","datePublished":"2020-09-16T14:55:22+00:00","dateModified":"2021-06-29T21:43:07+00:00","description":"Avez-vous une boutique en ligne ? Vous souhaitez que vos articles arrivent en parfait \u00e9tat au client final ? Chez Grupo Milan, nous vous conseillons dans votre projet.","breadcrumb":{"@id":"https:\/\/grupomilan.com\/fr\/packaging-personnalise\/e-commerce\/#breadcrumb"},"inLanguage":"fr-FR","potentialAction":[{"@type":"ReadAction","target":["https:\/\/grupomilan.com\/fr\/packaging-personnalise\/e-commerce\/"]}]},{"@type":"ImageObject","inLanguage":"fr-FR","@id":"https:\/\/grupomilan.com\/fr\/packaging-personnalise\/e-commerce\/#primaryimage","url":"https:\/\/grupomilan.com\/wp-content\/uploads\/E-COMMERCE-CABECERA-CATEGORIA.png","contentUrl":"https:\/\/grupomilan.com\/wp-content\/uploads\/E-COMMERCE-CABECERA-CATEGORIA.png","width":430,"height":319},{"@type":"BreadcrumbList","@id":"https:\/\/grupomilan.com\/fr\/packaging-personnalise\/e-commerce\/#breadcrumb","itemListElement":[{"@type":"ListItem","position":1,"name":"Portada","item":"https:\/\/grupomilan.com\/fr\/home\/"},{"@type":"ListItem","position":2,"name":"Packaging personnalis\u00e9","item":"https:\/\/grupomilan.com\/fr\/packaging-personnalise\/"},{"@type":"ListItem","position":3,"name":"Packaging pour le commerce \u00e9lectronique"}]},{"@type":"WebSite","@id":"https:\/\/grupomilan.com\/fr\/#website","url":"https:\/\/grupomilan.com\/fr\/","name":"GMI Arts graphiques - Grupo Mil\u00e1n \/ Inagraf","description":"Arts graphiques","publisher":{"@id":"https:\/\/grupomilan.com\/fr\/#organization"},"potentialAction":[{"@type":"SearchAction","target":{"@type":"EntryPoint","urlTemplate":"https:\/\/grupomilan.com\/fr\/?s={search_term_string}"},"query-input":{"@type":"PropertyValueSpecification","valueRequired":true,"valueName":"search_term_string"}}],"inLanguage":"fr-FR"},{"@type":"Organization","@id":"https:\/\/grupomilan.com\/fr\/#organization","name":"GMI Artes Gr\u00e1ficas - Grupo Mil\u00e1n \/ Inagraf","url":"https:\/\/grupomilan.com\/fr\/","logo":{"@type":"ImageObject","inLanguage":"fr-FR","@id":"https:\/\/grupomilan.com\/fr\/#\/schema\/logo\/image\/","url":"https:\/\/grupomilan.com\/wp-content\/uploads\/logo-gmi-seo.png","contentUrl":"https:\/\/grupomilan.com\/wp-content\/uploads\/logo-gmi-seo.png","width":308,"height":60,"caption":"GMI Artes Gr\u00e1ficas - Grupo Mil\u00e1n \/ Inagraf"},"image":{"@id":"https:\/\/grupomilan.com\/fr\/#\/schema\/logo\/image\/"}}]}},"_links":{"self":[{"href":"https:\/\/grupomilan.com\/fr\/wp-json\/wp\/v2\/pages\/1005","targetHints":{"allow":["GET"]}}],"collection":[{"href":"https:\/\/grupomilan.com\/fr\/wp-json\/wp\/v2\/pages"}],"about":[{"href":"https:\/\/grupomilan.com\/fr\/wp-json\/wp\/v2\/types\/page"}],"author":[{"embeddable":true,"href":"https:\/\/grupomilan.com\/fr\/wp-json\/wp\/v2\/users\/1"}],"replies":[{"embeddable":true,"href":"https:\/\/grupomilan.com\/fr\/wp-json\/wp\/v2\/comments?post=1005"}],"version-history":[{"count":6,"href":"https:\/\/grupomilan.com\/fr\/wp-json\/wp\/v2\/pages\/1005\/revisions"}],"predecessor-version":[{"id":1384,"href":"https:\/\/grupomilan.com\/fr\/wp-json\/wp\/v2\/pages\/1005\/revisions\/1384"}],"up":[{"embeddable":true,"href":"https:\/\/grupomilan.com\/fr\/wp-json\/wp\/v2\/pages\/1018"}],"wp:featuredmedia":[{"embeddable":true,"href":"https:\/\/grupomilan.com\/fr\/wp-json\/wp\/v2\/media\/1007"}],"wp:attachment":[{"href":"https:\/\/grupomilan.com\/fr\/wp-json\/wp\/v2\/media?parent=1005"}],"curies":[{"name":"wp","href":"https:\/\/api.w.org\/{rel}","templated":true}]}}